{"id":531,"date":"2025-04-08T16:09:37","date_gmt":"2025-04-08T14:09:37","guid":{"rendered":"https:\/\/cantine-gamelle.fr\/basso-cambo\/?page_id=531"},"modified":"2025-05-07T16:46:26","modified_gmt":"2025-05-07T14:46:26","slug":"ouvrir-une-cantine","status":"publish","type":"page","link":"https:\/\/cantine-gamelle.fr\/basso-cambo\/ouvrir-une-cantine\/","title":{"rendered":"Ouvrir une cantine"},"content":{"rendered":"\n<div class=\"wp-block-cover is-light\" style=\"min-height:95vh;aspect-ratio:unset;\"><span aria-hidden=\"true\" class=\"wp-block-cover__background has-background-dim-0 has-background-dim\" style=\"background-color:#a1a295\"><\/span><img loading=\"lazy\" decoding=\"async\" width=\"1728\" height=\"898\" class=\"wp-block-cover__image-background wp-image-532\" alt=\"\" src=\"https:\/\/cantine-gamelle.fr\/basso-cambo\/wp-content\/uploads\/sites\/8\/2025\/04\/image14.jpg\" data-object-fit=\"cover\" srcset=\"https:\/\/cantine-gamelle.fr\/basso-cambo\/wp-content\/uploads\/sites\/8\/2025\/04\/image14.jpg 1728w, https:\/\/cantine-gamelle.fr\/basso-cambo\/wp-content\/uploads\/sites\/8\/2025\/04\/image14-300x156.jpg 300w, https:\/\/cantine-gamelle.fr\/basso-cambo\/wp-content\/uploads\/sites\/8\/2025\/04\/image14-768x399.jpg 768w, https:\/\/cantine-gamelle.fr\/basso-cambo\/wp-content\/uploads\/sites\/8\/2025\/04\/image14-1024x532.jpg 1024w, https:\/\/cantine-gamelle.fr\/basso-cambo\/wp-content\/uploads\/sites\/8\/2025\/04\/image14-1536x798.jpg 1536w, https:\/\/cantine-gamelle.fr\/basso-cambo\/wp-content\/uploads\/sites\/8\/2025\/04\/image14-160x83.jpg 160w\" sizes=\"auto, (max-width: 1728px) 100vw, 1728px\" \/><div class=\"wp-block-cover__inner-container is-layout-constrained wp-block-cover-is-layout-constrained\">\n<h1 class=\"wp-block-heading has-text-align-center has-large-font-size\">Ouvrir une cantine<\/h1>\n<\/div><\/div>\n\n\n\n<div id=\"parceque\" class=\"wp-block-group has-beige-background-color has-background\"><div class=\"wp-block-group__inner-container is-layout-constrained wp-block-group-is-layout-constrained\">\n<div style=\"height:50px\" aria-hidden=\"true\" class=\"wp-block-spacer\"><\/div>\n\n\n\n<section class=\"wp-block-group\"><div class=\"wp-block-group__inner-container is-layout-constrained wp-block-group-is-layout-constrained\">\n<p class=\"has-text-align-center\">Cantine &amp; Gamelle est sans cesse en d\u00e9veloppement. Notre volont\u00e9 est de s\u2019implanter aux pieds des zones de bureaux, afin de proposer une solution de restauration adapt\u00e9e \u00e0 la journ\u00e9e de travail : rapidit\u00e9, qualit\u00e9, vari\u00e9t\u00e9.<\/p>\n\n\n\n<div style=\"height:20px\" aria-hidden=\"true\" class=\"wp-block-spacer\"><\/div>\n\n\n\n<p class=\"has-text-align-center\"><strong>Nos horaires d\u2019ouverture sont de <mark style=\"background-color:rgba(0, 0, 0, 0)\" class=\"has-inline-color has-orange-color\">8h \u00e0 15h<\/mark> du <mark style=\"background-color:rgba(0, 0, 0, 0)\" class=\"has-inline-color has-orange-color\">lundi au vendredi<\/mark>, nous permettant de couvrir les besoins du petit d\u00e9jeuner et du d\u00e9jeuner durant la semaine.<\/strong><\/p>\n<\/div><\/section>\n\n\n\n<div style=\"height:50px\" aria-hidden=\"true\" class=\"wp-block-spacer\"><\/div>\n<\/div><\/div>\n\n\n\n<section id=\"apport\" class=\"wp-block-group\"><div class=\"wp-block-group__inner-container is-layout-constrained wp-block-group-is-layout-constrained\">\n<div style=\"height:50px\" aria-hidden=\"true\" class=\"wp-block-spacer\"><\/div>\n\n\n\n<div class=\"wp-block-columns are-vertically-aligned-top is-layout-flex wp-container-core-columns-is-layout-9d6595d7 wp-block-columns-is-layout-flex\">\n<div class=\"wp-block-column is-vertically-aligned-top is-layout-flow wp-block-column-is-layout-flow\">\n<p class=\"has-text-align-center borderRadius has-blanc-color has-orange-background-color has-text-color has-background has-link-color has-medium-font-size wp-elements-63b5c3001ebcd52b75bbe14deb375975\"><sub>Apport<\/sub><br><strong>40 000\u20ac<\/strong><\/p>\n<\/div>\n\n\n\n<div class=\"wp-block-column is-vertically-aligned-top is-layout-flow wp-block-column-is-layout-flow\">\n<p class=\"has-text-align-center borderRadius has-orange-color has-beige-background-color has-text-color has-background has-link-color has-medium-font-size wp-elements-dea120d3c8499133af9ebe3c699d9885\"><sub>Droit d\u2019entr\u00e9e<\/sub><br><strong>25 000\u20ac<\/strong><\/p>\n<\/div>\n\n\n\n<div class=\"wp-block-column is-vertically-aligned-top is-layout-flow wp-block-column-is-layout-flow\">\n<p class=\"has-text-align-center borderRadius has-blanc-color has-orange-background-color has-text-color has-background has-link-color has-medium-font-size wp-elements-b0a061380af07420c8bd78c07f4b4dae\"><sub>Investissement<\/sub><br>250 000\u20ac<\/p>\n<\/div>\n\n\n\n<div class=\"wp-block-column is-vertically-aligned-top is-layout-flow wp-block-column-is-layout-flow\">\n<p class=\"has-text-align-center borderRadius has-orange-color has-beige-background-color has-text-color has-background has-link-color has-medium-font-size wp-elements-cee14f649bb847c88735aeae819f3fe5\"><sub>CA Potentiel apr\u00e8s 2 ans<\/sub><br>500 000\u20ac<\/p>\n<\/div>\n<\/div>\n\n\n\n<div style=\"height:50px\" aria-hidden=\"true\" class=\"wp-block-spacer\"><\/div>\n<\/div><\/section>\n\n\n\n<div id=\"form\" class=\"wp-block-group has-beige-background-color has-background\"><div class=\"wp-block-group__inner-container is-layout-constrained wp-block-group-is-layout-constrained\">\n<div style=\"height:50px\" aria-hidden=\"true\" class=\"wp-block-spacer\"><\/div>\n\n\n\n<section class=\"wp-block-group\"><div class=\"wp-block-group__inner-container is-layout-constrained wp-block-group-is-layout-constrained\">\n<h2 class=\"wp-block-heading has-text-align-center\">Vous souhaitez en \u00eatre ?<\/h2>\n\n\n\n<div style=\"height:50px\" aria-hidden=\"true\" class=\"wp-block-spacer\"><\/div>\n\n\n\n<p class=\"has-text-align-center\"><strong><strong>Remplissez le formulaire et on reviendra vers vous !<\/strong><\/strong><\/p>\n\n\n\n<div style=\"height:50px\" aria-hidden=\"true\" class=\"wp-block-spacer\"><\/div>\n\n\n\n<div class=\"wp-block-contact-form-7-contact-form-selector\">\n<div class=\"wpcf7 no-js\" id=\"wpcf7-f538-o1\" lang=\"fr-FR\" dir=\"ltr\" data-wpcf7-id=\"538\">\n<div class=\"screen-reader-response\"><p role=\"status\" aria-live=\"polite\" aria-atomic=\"true\"><\/p> <ul><\/ul><\/div>\n<form action=\"\/basso-cambo\/wp-json\/wp\/v2\/pages\/531#wpcf7-f538-o1\" method=\"post\" class=\"wpcf7-form init\" aria-label=\"Formulaire de contact\" novalidate=\"novalidate\" data-status=\"init\">\n<fieldset class=\"hidden-fields-container\"><input type=\"hidden\" name=\"_wpcf7\" value=\"538\" \/><input type=\"hidden\" name=\"_wpcf7_version\" value=\"6.1.5\" \/><input type=\"hidden\" name=\"_wpcf7_locale\" value=\"fr_FR\" \/><input type=\"hidden\" name=\"_wpcf7_unit_tag\" value=\"wpcf7-f538-o1\" \/><input type=\"hidden\" name=\"_wpcf7_container_post\" value=\"0\" \/><input type=\"hidden\" name=\"_wpcf7_posted_data_hash\" value=\"\" \/>\n<\/fieldset>\n<div class=\"row\">\n\t<p><span class=\"wpcf7-form-control-wrap\" data-name=\"your-name\"><input size=\"40\" maxlength=\"400\" class=\"wpcf7-form-control wpcf7-text wpcf7-validates-as-required\" autocomplete=\"name\" aria-required=\"true\" aria-invalid=\"false\" placeholder=\"Nom\" value=\"\" type=\"text\" name=\"your-name\" \/><\/span><span class=\"wpcf7-form-control-wrap\" data-name=\"your-firstname\"><input size=\"40\" maxlength=\"400\" class=\"wpcf7-form-control wpcf7-text wpcf7-validates-as-required\" autocomplete=\"name\" aria-required=\"true\" aria-invalid=\"false\" placeholder=\"Pr\u00e9nom\" value=\"\" type=\"text\" name=\"your-firstname\" \/><\/span>\n\t<\/p>\n<\/div>\n<div class=\"row\">\n\t<p><span class=\"wpcf7-form-control-wrap\" data-name=\"your-emplacement\"><input size=\"40\" maxlength=\"400\" class=\"wpcf7-form-control wpcf7-text\" aria-invalid=\"false\" placeholder=\"Emplacement envisag\u00e9\" value=\"\" type=\"text\" name=\"your-emplacement\" \/><\/span><span class=\"wpcf7-form-control-wrap\" data-name=\"your-phone\"><input size=\"40\" maxlength=\"400\" class=\"wpcf7-form-control wpcf7-text\" aria-invalid=\"false\" placeholder=\"T\u00e9l\u00e9phone\" value=\"\" type=\"text\" name=\"your-phone\" \/><\/span>\n\t<\/p>\n<\/div>\n<div class=\"simplerow\">\n\t<p><span class=\"wpcf7-form-control-wrap\" data-name=\"your-email\"><input size=\"40\" maxlength=\"400\" class=\"wpcf7-form-control wpcf7-email wpcf7-validates-as-required wpcf7-text wpcf7-validates-as-email\" autocomplete=\"email\" aria-required=\"true\" aria-invalid=\"false\" placeholder=\"Email\" value=\"\" type=\"email\" name=\"your-email\" \/><\/span>\n\t<\/p>\n<\/div>\n<div class=\"align-center\">\n\t<p><input class=\"wpcf7-form-control wpcf7-submit has-spinner\" type=\"submit\" value=\"Envoyer\" \/>\n\t<\/p>\n<\/div><div class=\"wpcf7-response-output\" aria-hidden=\"true\"><\/div>\n<\/form>\n<\/div>\n<\/div>\n\n\n\n<div style=\"height:50px\" aria-hidden=\"true\" class=\"wp-block-spacer\"><\/div>\n<\/div><\/section>\n<\/div><\/div>\n","protected":false},"excerpt":{"rendered":"<p>Cantine &amp; Gamelle est sans cesse en d\u00e9veloppement. Notre volont\u00e9 est de s\u2019implanter aux pieds des zones de bureaux, afin de proposer une solution de restauration adapt\u00e9e \u00e0 la journ\u00e9e de travail : rapidit\u00e9, qualit\u00e9, vari\u00e9t\u00e9. Nos horaires d\u2019ouverture sont de 8h \u00e0 15h du lundi au vendredi, nous permettant de couvrir les besoins du [&hellip;]<\/p>\n","protected":false},"author":1,"featured_media":0,"parent":0,"menu_order":0,"comment_status":"closed","ping_status":"closed","template":"","meta":{"_acf_changed":false,"footnotes":""},"class_list":["post-531","page","type-page","status-publish","hentry"],"acf":[],"_links":{"self":[{"href":"https:\/\/cantine-gamelle.fr\/basso-cambo\/wp-json\/wp\/v2\/pages\/531","targetHints":{"allow":["GET"]}}],"collection":[{"href":"https:\/\/cantine-gamelle.fr\/basso-cambo\/wp-json\/wp\/v2\/pages"}],"about":[{"href":"https:\/\/cantine-gamelle.fr\/basso-cambo\/wp-json\/wp\/v2\/types\/page"}],"author":[{"embeddable":true,"href":"https:\/\/cantine-gamelle.fr\/basso-cambo\/wp-json\/wp\/v2\/users\/1"}],"replies":[{"embeddable":true,"href":"https:\/\/cantine-gamelle.fr\/basso-cambo\/wp-json\/wp\/v2\/comments?post=531"}],"version-history":[{"count":23,"href":"https:\/\/cantine-gamelle.fr\/basso-cambo\/wp-json\/wp\/v2\/pages\/531\/revisions"}],"predecessor-version":[{"id":636,"href":"https:\/\/cantine-gamelle.fr\/basso-cambo\/wp-json\/wp\/v2\/pages\/531\/revisions\/636"}],"wp:attachment":[{"href":"https:\/\/cantine-gamelle.fr\/basso-cambo\/wp-json\/wp\/v2\/media?parent=531"}],"curies":[{"name":"wp","href":"https:\/\/api.w.org\/{rel}","templated":true}]}}