{"id":267,"date":"2025-03-31T21:25:30","date_gmt":"2025-03-31T19:25:30","guid":{"rendered":"https:\/\/cantine-gamelle.fr\/basso-cambo\/?post_type=product&#038;p=267"},"modified":"2025-04-07T14:19:21","modified_gmt":"2025-04-07T12:19:21","slug":"poke-saumon","status":"publish","type":"product","link":"https:\/\/cantine-gamelle.fr\/basso-cambo\/boutique\/bols\/poke-saumon\/","title":{"rendered":"Poke saumon"},"content":{"rendered":"<p>Riz vinaigr\u00e9, saumon cru marin\u00e9, avocat, mangue, radis rose, concombre, carottes, coriandre, s\u00e9same noir, vinaigrette: huile d&rsquo;olive, sauce soja.<\/p>\n","protected":false},"excerpt":{"rendered":"<p>Riz vinaigr\u00e9, saumon cru marin\u00e9, avocat, mangue, radis rose, concombre, carottes, coriandre, s\u00e9same noir, vinaigrette: huile d&rsquo;olive, sauce soja.<\/p>\n","protected":false},"featured_media":390,"template":"","meta":{"_acf_changed":false},"product_brand":[],"product_cat":[22],"product_tag":[],"class_list":{"0":"post-267","1":"product","2":"type-product","3":"status-publish","4":"has-post-thumbnail","6":"product_cat-bols","8":"first","9":"instock","10":"taxable","11":"shipping-taxable","12":"purchasable","13":"product-type-simple"},"composite_virtual":false,"composite_layout":"","composite_add_to_cart_form_location":"","composite_editable_in_cart":false,"composite_sold_individually_context":"","composite_shop_price_calc":"","composite_components":[],"composite_scenarios":[],"exclude_global_add_ons":[],"addons":[],"acf":[],"_links":{"self":[{"href":"https:\/\/cantine-gamelle.fr\/basso-cambo\/wp-json\/wp\/v2\/product\/267","targetHints":{"allow":["GET"]}}],"collection":[{"href":"https:\/\/cantine-gamelle.fr\/basso-cambo\/wp-json\/wp\/v2\/product"}],"about":[{"href":"https:\/\/cantine-gamelle.fr\/basso-cambo\/wp-json\/wp\/v2\/types\/product"}],"wp:featuredmedia":[{"embeddable":true,"href":"https:\/\/cantine-gamelle.fr\/basso-cambo\/wp-json\/wp\/v2\/media\/390"}],"wp:attachment":[{"href":"https:\/\/cantine-gamelle.fr\/basso-cambo\/wp-json\/wp\/v2\/media?parent=267"}],"wp:term":[{"taxonomy":"product_brand","embeddable":true,"href":"https:\/\/cantine-gamelle.fr\/basso-cambo\/wp-json\/wp\/v2\/product_brand?post=267"},{"taxonomy":"product_cat","embeddable":true,"href":"https:\/\/cantine-gamelle.fr\/basso-cambo\/wp-json\/wp\/v2\/product_cat?post=267"},{"taxonomy":"product_tag","embeddable":true,"href":"https:\/\/cantine-gamelle.fr\/basso-cambo\/wp-json\/wp\/v2\/product_tag?post=267"}],"curies":[{"name":"wp","href":"https:\/\/api.w.org\/{rel}","templated":true}]}}