{"id":275,"date":"2025-03-31T21:32:37","date_gmt":"2025-03-31T19:32:37","guid":{"rendered":"https:\/\/cantine-gamelle.fr\/basso-cambo\/?post_type=product&#038;p=275"},"modified":"2026-03-20T17:26:11","modified_gmt":"2026-03-20T16:26:11","slug":"burger-du-moment","status":"publish","type":"product","link":"https:\/\/cantine-gamelle.fr\/basso-cambo\/boutique\/burgers\/burger-du-moment\/","title":{"rendered":"Burger Sweet duck"},"content":{"rendered":"<p>Pain burger, steak hach\u00e9 de canard 110G, mayonnaise moutarde miel, l\u00e9gumes grill\u00e9s, mesclun, tranche de comt\u00e9, compot\u00e9e d\u2019oignons rouges.<\/p>\n","protected":false},"excerpt":{"rendered":"<p>ici description courte de tabernacle<\/p>\n","protected":false},"featured_media":4264,"template":"","meta":{"_acf_changed":false},"product_brand":[],"product_cat":[21],"product_tag":[],"class_list":{"0":"post-275","1":"product","2":"type-product","3":"status-publish","4":"has-post-thumbnail","6":"product_cat-burgers","8":"first","9":"instock","10":"taxable","11":"shipping-taxable","12":"purchasable","13":"product-type-simple"},"composite_virtual":false,"composite_layout":"","composite_add_to_cart_form_location":"","composite_editable_in_cart":false,"composite_sold_individually_context":"","composite_shop_price_calc":"","composite_components":[],"composite_scenarios":[],"exclude_global_add_ons":false,"addons":[{"name":"Type de steak","type":"multiple_choice","position":0,"required":true,"title_format":"label","default":"0","description_enable":false,"description":"","placeholder_enable":false,"placeholder":"","display":"select","restrictions_type":"any_text","adjust_price":false,"price":"","price_type":"flat_fee","restrictions":false,"min":"0","max":"0","options":[{"label":"Recette classique","price":"","price_type":"flat_fee","image":0,"visibility":true},{"label":"V\u00e9g\u00e9tal","price":"","price_type":"flat_fee","image":0,"visibility":true}],"id":1743448451},{"name":"J'ajoute","type":"checkbox","position":0,"required":false,"title_format":"label","default":"","description_enable":false,"description":"","placeholder_enable":false,"placeholder":"","display":"select","restrictions_type":"any_text","adjust_price":false,"price":"","price_type":"flat_fee","restrictions":false,"min":"0","max":"0","options":[{"label":"Steak de boeuf","price":"2.50","price_type":"quantity_based","image":0,"visibility":true},{"label":"Galette vege","price":"2.50","price_type":"quantity_based","image":0,"visibility":true},{"label":"Poulet pan\u00e9","price":"2","price_type":"quantity_based","image":0,"visibility":true},{"label":"Bacon","price":"1","price_type":"quantity_based","image":0,"visibility":true},{"label":"Cheddar","price":"1","price_type":"quantity_based","image":0,"visibility":true},{"label":"\u0152uf","price":"1","price_type":"quantity_based","image":0,"visibility":true}],"id":1744305371},{"name":"J'enl\u00e8ve","type":"custom_text","position":1,"required":false,"title_format":"label","default":"","description_enable":false,"description":"","placeholder_enable":true,"placeholder":"Des pr\u00e9cisions \u00e0 envoyer au chef ?","display":"select","restrictions_type":"any_text","adjust_price":false,"price":"","price_type":"flat_fee","restrictions":false,"min":"0","max":"0","options":[],"id":1744284581}],"acf":[],"_links":{"self":[{"href":"https:\/\/cantine-gamelle.fr\/basso-cambo\/wp-json\/wp\/v2\/product\/275","targetHints":{"allow":["GET"]}}],"collection":[{"href":"https:\/\/cantine-gamelle.fr\/basso-cambo\/wp-json\/wp\/v2\/product"}],"about":[{"href":"https:\/\/cantine-gamelle.fr\/basso-cambo\/wp-json\/wp\/v2\/types\/product"}],"wp:featuredmedia":[{"embeddable":true,"href":"https:\/\/cantine-gamelle.fr\/basso-cambo\/wp-json\/wp\/v2\/media\/4264"}],"wp:attachment":[{"href":"https:\/\/cantine-gamelle.fr\/basso-cambo\/wp-json\/wp\/v2\/media?parent=275"}],"wp:term":[{"taxonomy":"product_brand","embeddable":true,"href":"https:\/\/cantine-gamelle.fr\/basso-cambo\/wp-json\/wp\/v2\/product_brand?post=275"},{"taxonomy":"product_cat","embeddable":true,"href":"https:\/\/cantine-gamelle.fr\/basso-cambo\/wp-json\/wp\/v2\/product_cat?post=275"},{"taxonomy":"product_tag","embeddable":true,"href":"https:\/\/cantine-gamelle.fr\/basso-cambo\/wp-json\/wp\/v2\/product_tag?post=275"}],"curies":[{"name":"wp","href":"https:\/\/api.w.org\/{rel}","templated":true}]}}