{"id":2780,"date":"2025-11-04T17:27:18","date_gmt":"2025-11-04T16:27:18","guid":{"rendered":"https:\/\/cantine-gamelle.fr\/basso-cambo\/?post_type=product&#038;p=2780"},"modified":"2025-11-06T11:33:58","modified_gmt":"2025-11-06T10:33:58","slug":"cake-rocher","status":"publish","type":"product","link":"https:\/\/cantine-gamelle.fr\/basso-cambo\/boutique\/desserts\/cake-rocher\/","title":{"rendered":"Cake rocher"},"content":{"rendered":"<p>Cake chocolat avec gla\u00e7age gourmand chocolat noir et \u00e9clats de noisettes torr\u00e9fi\u00e9es<\/p>\n","protected":false},"excerpt":{"rendered":"<p>Cake chocolat avec gla\u00e7age gourmand chocolat noir et \u00e9clats de noisettes torr\u00e9fi\u00e9es<\/p>\n","protected":false},"featured_media":2808,"template":"","meta":{"_acf_changed":false},"product_brand":[],"product_cat":[24],"product_tag":[],"class_list":{"0":"post-2780","1":"product","2":"type-product","3":"status-publish","4":"has-post-thumbnail","6":"product_cat-desserts","8":"first","9":"instock","10":"taxable","11":"shipping-taxable","12":"purchasable","13":"product-type-simple"},"composite_virtual":false,"composite_layout":"","composite_add_to_cart_form_location":"","composite_editable_in_cart":false,"composite_sold_individually_context":"","composite_shop_price_calc":"","composite_components":[],"composite_scenarios":[],"exclude_global_add_ons":[],"addons":[],"acf":[],"_links":{"self":[{"href":"https:\/\/cantine-gamelle.fr\/basso-cambo\/wp-json\/wp\/v2\/product\/2780","targetHints":{"allow":["GET"]}}],"collection":[{"href":"https:\/\/cantine-gamelle.fr\/basso-cambo\/wp-json\/wp\/v2\/product"}],"about":[{"href":"https:\/\/cantine-gamelle.fr\/basso-cambo\/wp-json\/wp\/v2\/types\/product"}],"wp:featuredmedia":[{"embeddable":true,"href":"https:\/\/cantine-gamelle.fr\/basso-cambo\/wp-json\/wp\/v2\/media\/2808"}],"wp:attachment":[{"href":"https:\/\/cantine-gamelle.fr\/basso-cambo\/wp-json\/wp\/v2\/media?parent=2780"}],"wp:term":[{"taxonomy":"product_brand","embeddable":true,"href":"https:\/\/cantine-gamelle.fr\/basso-cambo\/wp-json\/wp\/v2\/product_brand?post=2780"},{"taxonomy":"product_cat","embeddable":true,"href":"https:\/\/cantine-gamelle.fr\/basso-cambo\/wp-json\/wp\/v2\/product_cat?post=2780"},{"taxonomy":"product_tag","embeddable":true,"href":"https:\/\/cantine-gamelle.fr\/basso-cambo\/wp-json\/wp\/v2\/product_tag?post=2780"}],"curies":[{"name":"wp","href":"https:\/\/api.w.org\/{rel}","templated":true}]}}