{"id":936,"date":"2025-03-18T21:07:51","date_gmt":"2025-03-18T20:07:51","guid":{"rendered":"https:\/\/cantine-gamelle.fr\/cite-espace\/restaurant-2\/"},"modified":"2026-04-26T23:52:17","modified_gmt":"2026-04-26T21:52:17","slug":"restaurant","status":"publish","type":"page","link":"https:\/\/cantine-gamelle.fr\/cite-espace\/restaurant\/","title":{"rendered":"Restaurant"},"content":{"rendered":"\n<div class=\"wp-block-cover is-light\" style=\"min-height:95vh;aspect-ratio:unset;\"><img loading=\"lazy\" decoding=\"async\" width=\"864\" height=\"449\" class=\"wp-block-cover__image-background wp-image-176\" alt=\"\" src=\"https:\/\/cantine-gamelle.fr\/route-espagne\/wp-content\/uploads\/sites\/2\/2025\/03\/image9.jpg\" data-object-fit=\"cover\" srcset=\"https:\/\/cantine-gamelle.fr\/cite-espace\/wp-content\/uploads\/sites\/10\/2025\/03\/image9.jpg 864w, https:\/\/cantine-gamelle.fr\/cite-espace\/wp-content\/uploads\/sites\/10\/2025\/03\/image9-300x156.jpg 300w, https:\/\/cantine-gamelle.fr\/cite-espace\/wp-content\/uploads\/sites\/10\/2025\/03\/image9-768x399.jpg 768w, https:\/\/cantine-gamelle.fr\/cite-espace\/wp-content\/uploads\/sites\/10\/2025\/03\/image9-160x83.jpg 160w, https:\/\/cantine-gamelle.fr\/cite-espace\/wp-content\/uploads\/sites\/10\/2025\/03\/image9-140x73.jpg 140w\" sizes=\"auto, (max-width: 864px) 100vw, 864px\" \/><span aria-hidden=\"true\" class=\"wp-block-cover__background has-background-dim-0 has-background-dim\" style=\"background-color:#c7ab9d\"><\/span><div class=\"wp-block-cover__inner-container is-layout-constrained wp-block-cover-is-layout-constrained\">\n<h1 class=\"wp-block-heading has-text-align-center has-large-font-size\">Bienvenue dans notre <br>Cantine !<\/h1>\n<\/div><\/div>\n\n\n\n<div id=\"genereux\" class=\"wp-block-group has-beige-background-color has-background\"><div class=\"wp-block-group__inner-container is-layout-constrained wp-block-group-is-layout-constrained\">\n<div style=\"height:50px\" aria-hidden=\"true\" class=\"wp-block-spacer\"><\/div>\n\n\n\n<section class=\"wp-block-group\"><div class=\"wp-block-group__inner-container is-layout-constrained wp-block-group-is-layout-constrained\">\n<h3 class=\"wp-block-heading has-text-align-center\">Pour de g\u00e9n\u00e9reux d\u00e9jeuners du lundi au vendredi<\/h3>\n\n\n\n<div style=\"height:50px\" aria-hidden=\"true\" class=\"wp-block-spacer\"><\/div>\n\n\n<div class=\"wp-block-image\">\n<figure class=\"aligncenter size-full\"><img loading=\"lazy\" decoding=\"async\" width=\"706\" height=\"428\" src=\"https:\/\/cantine-gamelle.fr\/route-espagne\/wp-content\/uploads\/sites\/2\/2025\/03\/image10.jpg\" alt=\"\" class=\"wp-image-177\" srcset=\"https:\/\/cantine-gamelle.fr\/cite-espace\/wp-content\/uploads\/sites\/10\/2025\/03\/image10.jpg 706w, https:\/\/cantine-gamelle.fr\/cite-espace\/wp-content\/uploads\/sites\/10\/2025\/03\/image10-300x182.jpg 300w, https:\/\/cantine-gamelle.fr\/cite-espace\/wp-content\/uploads\/sites\/10\/2025\/03\/image10-160x97.jpg 160w, https:\/\/cantine-gamelle.fr\/cite-espace\/wp-content\/uploads\/sites\/10\/2025\/03\/image10-140x85.jpg 140w\" sizes=\"auto, (max-width: 706px) 100vw, 706px\" \/><\/figure>\n<\/div><\/div><\/section>\n\n\n\n<div style=\"height:50px\" aria-hidden=\"true\" class=\"wp-block-spacer\"><\/div>\n<\/div><\/div>\n\n\n\n<section id=\"plats-semaines\" class=\"wp-block-group\"><div class=\"wp-block-group__inner-container is-layout-constrained wp-block-group-is-layout-constrained\">\n<div style=\"height:50px\" aria-hidden=\"true\" class=\"wp-block-spacer\"><\/div>\n\n\n<div class=\"wp-block-image\">\n<figure class=\"aligncenter size-large is-resized\"><img loading=\"lazy\" decoding=\"async\" width=\"819\" height=\"1024\" src=\"https:\/\/cantine-gamelle.fr\/cite-espace\/wp-content\/uploads\/sites\/10\/2026\/04\/IMG_9383-819x1024.jpeg\" alt=\"\" class=\"wp-image-4791\" style=\"width:724px;height:auto\" srcset=\"https:\/\/cantine-gamelle.fr\/cite-espace\/wp-content\/uploads\/sites\/10\/2026\/04\/IMG_9383-819x1024.jpeg 819w, https:\/\/cantine-gamelle.fr\/cite-espace\/wp-content\/uploads\/sites\/10\/2026\/04\/IMG_9383-240x300.jpeg 240w, https:\/\/cantine-gamelle.fr\/cite-espace\/wp-content\/uploads\/sites\/10\/2026\/04\/IMG_9383-768x960.jpeg 768w, https:\/\/cantine-gamelle.fr\/cite-espace\/wp-content\/uploads\/sites\/10\/2026\/04\/IMG_9383-160x200.jpeg 160w, https:\/\/cantine-gamelle.fr\/cite-espace\/wp-content\/uploads\/sites\/10\/2026\/04\/IMG_9383.jpeg 1080w\" sizes=\"auto, (max-width: 819px) 100vw, 819px\" \/><\/figure>\n<\/div>\n\n\n<div style=\"height:50px\" aria-hidden=\"true\" class=\"wp-block-spacer\"><\/div>\n\n\n\n<div style=\"height:50px\" aria-hidden=\"true\" class=\"wp-block-spacer\"><\/div>\n<\/div><\/section>\n\n\n\n<div id=\"newsletter\" class=\"wp-block-group has-beige-background-color has-background\"><div class=\"wp-block-group__inner-container is-layout-constrained wp-block-group-is-layout-constrained\">\n<div style=\"height:50px\" aria-hidden=\"true\" class=\"wp-block-spacer\"><\/div>\n\n\n<div class=\"newsletter-container\">\n      <div class=\"newsletter-section\">\n      <section id=\"block-8\" class=\"widget widget_block\">\n<div class=\"wp-block-cover is-light\" style=\"min-height:10vw;aspect-ratio:unset;\"><span aria-hidden=\"true\" class=\"wp-block-cover__background has-background-dim-30 has-background-dim\" style=\"background-color:#ab8469\"><\/span><img loading=\"lazy\" decoding=\"async\" width=\"864\" height=\"559\" class=\"wp-block-cover__image-background wp-image-135\" alt=\"\" src=\"https:\/\/cantine.damn-it.fr\/cite-espace\/wp-content\/uploads\/sites\/10\/2025\/03\/image6.jpg\" data-object-fit=\"cover\" srcset=\"https:\/\/cantine-gamelle.fr\/cite-espace\/wp-content\/uploads\/sites\/10\/2025\/03\/image6.jpg 864w, https:\/\/cantine-gamelle.fr\/cite-espace\/wp-content\/uploads\/sites\/10\/2025\/03\/image6-300x194.jpg 300w, https:\/\/cantine-gamelle.fr\/cite-espace\/wp-content\/uploads\/sites\/10\/2025\/03\/image6-768x497.jpg 768w, https:\/\/cantine-gamelle.fr\/cite-espace\/wp-content\/uploads\/sites\/10\/2025\/03\/image6-160x104.jpg 160w, https:\/\/cantine-gamelle.fr\/cite-espace\/wp-content\/uploads\/sites\/10\/2025\/03\/image6-140x91.jpg 140w, https:\/\/cantine-gamelle.fr\/cite-espace\/wp-content\/uploads\/sites\/10\/2025\/03\/image6-150x97.jpg 150w, https:\/\/cantine-gamelle.fr\/cite-espace\/wp-content\/uploads\/sites\/10\/2025\/03\/image6-600x388.jpg 600w\" sizes=\"auto, (max-width: 864px) 100vw, 864px\" \/><div class=\"wp-block-cover__inner-container is-layout-constrained wp-block-cover-is-layout-constrained\">\n<h3 class=\"wp-block-heading has-text-align-left has-large-font-size\">Recevoir la e-gamelle<br>de la semaine<\/h3>\n\n\n\n<div class=\"wp-block-contact-form-7-contact-form-selector\">\n<div class=\"wpcf7 no-js\" id=\"wpcf7-f594-o1\" lang=\"fr-FR\" dir=\"ltr\" data-wpcf7-id=\"594\">\n<div class=\"screen-reader-response\"><p role=\"status\" aria-live=\"polite\" aria-atomic=\"true\"><\/p> <ul><\/ul><\/div>\n<form action=\"\/cite-espace\/wp-json\/wp\/v2\/pages\/936#wpcf7-f594-o1\" method=\"post\" class=\"wpcf7-form init\" aria-label=\"Formulaire de contact\" novalidate=\"novalidate\" data-status=\"init\">\n<fieldset class=\"hidden-fields-container\"><input type=\"hidden\" name=\"_wpcf7\" value=\"594\" \/><input type=\"hidden\" name=\"_wpcf7_version\" value=\"6.1.5\" \/><input type=\"hidden\" name=\"_wpcf7_locale\" value=\"fr_FR\" \/><input type=\"hidden\" name=\"_wpcf7_unit_tag\" value=\"wpcf7-f594-o1\" \/><input type=\"hidden\" name=\"_wpcf7_container_post\" value=\"0\" \/><input type=\"hidden\" name=\"_wpcf7_posted_data_hash\" value=\"\" \/>\n<\/fieldset>\n<p><span class=\"wpcf7-form-control-wrap\" data-name=\"your-email\"><input size=\"40\" maxlength=\"400\" class=\"wpcf7-form-control wpcf7-email wpcf7-validates-as-required wpcf7-text wpcf7-validates-as-email\" autocomplete=\"email\" aria-required=\"true\" aria-invalid=\"false\" placeholder=\"E-mail\" value=\"\" type=\"email\" name=\"your-email\" \/><\/span><br \/>\n<input class=\"wpcf7-form-control wpcf7-submit has-spinner\" type=\"submit\" value=\"Envoyer\" \/>\n<\/p><div class=\"wpcf7-response-output\" aria-hidden=\"true\"><\/div>\n<\/form>\n<\/div>\n<\/div>\n<\/div><\/div>\n<\/section>    <\/div>\n  <\/div>\n      \n \n \n\n\n\n<div style=\"height:50px\" aria-hidden=\"true\" class=\"wp-block-spacer\"><\/div>\n<\/div><\/div>\n\n\n\n<section id=\"ambiance\" class=\"wp-block-group\"><div class=\"wp-block-group__inner-container is-layout-constrained wp-block-group-is-layout-constrained\">\n<div style=\"height:50px\" aria-hidden=\"true\" class=\"wp-block-spacer\"><\/div>\n\n\n<div class=\"wp-block-image\">\n<figure class=\"aligncenter size-full\"><img loading=\"lazy\" decoding=\"async\" width=\"714\" height=\"573\" src=\"https:\/\/cantine-gamelle.fr\/cite-espace\/wp-content\/uploads\/sites\/10\/2025\/05\/Image-ete.jpg\" alt=\"\" class=\"wp-image-597\" srcset=\"https:\/\/cantine-gamelle.fr\/cite-espace\/wp-content\/uploads\/sites\/10\/2025\/05\/Image-ete.jpg 714w, https:\/\/cantine-gamelle.fr\/cite-espace\/wp-content\/uploads\/sites\/10\/2025\/05\/Image-ete-300x241.jpg 300w, https:\/\/cantine-gamelle.fr\/cite-espace\/wp-content\/uploads\/sites\/10\/2025\/05\/Image-ete-160x128.jpg 160w\" sizes=\"auto, (max-width: 714px) 100vw, 714px\" \/><\/figure>\n<\/div>\n\n\n<div style=\"height:50px\" aria-hidden=\"true\" class=\"wp-block-spacer\"><\/div>\n\n\n\n<div class=\"wp-block-columns are-vertically-aligned-center is-layout-flex wp-container-core-columns-is-layout-9d6595d7 wp-block-columns-is-layout-flex\">\n<div class=\"wp-block-column is-vertically-aligned-center is-layout-flow wp-block-column-is-layout-flow\"><div class=\"wp-block-image\">\n<figure class=\"alignright size-full\"><a href=\"https:\/\/www.ubereats.com\/fr\/store\/cantine-et-gamelle-route-despagne\/dwzfgdz4QneGpsNTBvxjZQ?srsltid=AfmBOooUreuTfAE5vBWNLEOXiEfGVE7F3c5y8vtKvgQftAYkUIjOUB_T\" target=\"_blank\" rel=\" noreferrer noopener\"><img loading=\"lazy\" decoding=\"async\" width=\"193\" height=\"31\" src=\"https:\/\/cantine-gamelle.fr\/route-espagne\/wp-content\/uploads\/sites\/2\/2025\/03\/Calque_1.png\" alt=\"\" class=\"wp-image-209\" srcset=\"https:\/\/cantine-gamelle.fr\/cite-espace\/wp-content\/uploads\/sites\/10\/2025\/03\/Calque_1.png 193w, https:\/\/cantine-gamelle.fr\/cite-espace\/wp-content\/uploads\/sites\/10\/2025\/03\/Calque_1-160x26.png 160w, https:\/\/cantine-gamelle.fr\/cite-espace\/wp-content\/uploads\/sites\/10\/2025\/03\/Calque_1-140x22.png 140w\" sizes=\"auto, (max-width: 193px) 100vw, 193px\" \/><\/a><\/figure>\n<\/div><\/div>\n\n\n\n<div class=\"wp-block-column is-vertically-aligned-center is-layout-flow wp-block-column-is-layout-flow\" style=\"flex-basis:5%\"><\/div>\n\n\n\n<div class=\"wp-block-column is-vertically-aligned-center is-layout-flow wp-block-column-is-layout-flow\"><div class=\"wp-block-image\">\n<figure class=\"alignleft size-full\"><a href=\"https:\/\/deliveroo.fr\/fr\/menu\/toulouse\/patte-doie-la-cepiere\/cantine-et-gamelle-route-despagne\" target=\"_blank\" rel=\" noreferrer noopener\"><img loading=\"lazy\" decoding=\"async\" width=\"268\" height=\"72\" src=\"https:\/\/cantine-gamelle.fr\/route-espagne\/wp-content\/uploads\/sites\/2\/2025\/03\/Vector2.png\" alt=\"\" class=\"wp-image-210\" srcset=\"https:\/\/cantine-gamelle.fr\/cite-espace\/wp-content\/uploads\/sites\/10\/2025\/03\/Vector2.png 268w, https:\/\/cantine-gamelle.fr\/cite-espace\/wp-content\/uploads\/sites\/10\/2025\/03\/Vector2-160x43.png 160w, https:\/\/cantine-gamelle.fr\/cite-espace\/wp-content\/uploads\/sites\/10\/2025\/03\/Vector2-140x38.png 140w\" sizes=\"auto, (max-width: 268px) 100vw, 268px\" \/><\/a><\/figure>\n<\/div><\/div>\n<\/div>\n\n\n\n<div style=\"height:50px\" aria-hidden=\"true\" class=\"wp-block-spacer\"><\/div>\n<\/div><\/section>\n","protected":false},"excerpt":{"rendered":"<p>Pour de g\u00e9n\u00e9reux d\u00e9jeuners du lundi au vendredi<\/p>\n","protected":false},"author":1,"featured_media":0,"parent":0,"menu_order":0,"comment_status":"closed","ping_status":"closed","template":"","meta":{"_acf_changed":false,"footnotes":""},"class_list":["post-936","page","type-page","status-publish","hentry"],"acf":[],"_links":{"self":[{"href":"https:\/\/cantine-gamelle.fr\/cite-espace\/wp-json\/wp\/v2\/pages\/936","targetHints":{"allow":["GET"]}}],"collection":[{"href":"https:\/\/cantine-gamelle.fr\/cite-espace\/wp-json\/wp\/v2\/pages"}],"about":[{"href":"https:\/\/cantine-gamelle.fr\/cite-espace\/wp-json\/wp\/v2\/types\/page"}],"author":[{"embeddable":true,"href":"https:\/\/cantine-gamelle.fr\/cite-espace\/wp-json\/wp\/v2\/users\/1"}],"replies":[{"embeddable":true,"href":"https:\/\/cantine-gamelle.fr\/cite-espace\/wp-json\/wp\/v2\/comments?post=936"}],"version-history":[{"count":53,"href":"https:\/\/cantine-gamelle.fr\/cite-espace\/wp-json\/wp\/v2\/pages\/936\/revisions"}],"predecessor-version":[{"id":4792,"href":"https:\/\/cantine-gamelle.fr\/cite-espace\/wp-json\/wp\/v2\/pages\/936\/revisions\/4792"}],"wp:attachment":[{"href":"https:\/\/cantine-gamelle.fr\/cite-espace\/wp-json\/wp\/v2\/media?parent=936"}],"curies":[{"name":"wp","href":"https:\/\/api.w.org\/{rel}","templated":true}]}}