{"id":1663,"date":"2025-05-12T17:10:35","date_gmt":"2025-05-12T15:10:35","guid":{"rendered":"https:\/\/cantine-gamelle.fr\/cite-espace\/boutique\/non%20class\u00e9\/lasagne-verte-au-saumon-et-legumes-grilles-pesto-pistache-menu-du-jour\/"},"modified":"2026-05-06T22:51:31","modified_gmt":"2026-05-06T20:51:31","slug":"lasagne-verte-au-saumon-et-legumes-grilles-pesto-pistache-menu-du-jour","status":"publish","type":"product","link":"https:\/\/cantine-gamelle.fr\/cite-espace\/boutique\/plats\/lasagne-verte-au-saumon-et-legumes-grilles-pesto-pistache-menu-du-jour\/","title":{"rendered":"Parmentier pdt et patates douces, confit d\u2019\u00e9chines aux oignons doux"},"content":{"rendered":"<div id=\"short_description_block\">\n<div id=\"short_description_content\" class=\"rte align_justify\">\n<p>Nos plats du jour sont r\u00e9alis\u00e9s sur place avec des ingr\u00e9dients frais et changent tous les jours.<\/p>\n<\/div>\n<\/div>\n","protected":false},"excerpt":{"rendered":"<p>Nos plats du jour sont r\u00e9alis\u00e9s sur place avec des ingr\u00e9dients frais et changent tous les jours.<\/p>\n","protected":false},"featured_media":613,"template":"","meta":{"_acf_changed":false},"product_brand":[],"product_cat":[19],"product_tag":[],"class_list":{"0":"post-1663","1":"product","2":"type-product","3":"status-publish","4":"has-post-thumbnail","6":"product_cat-plats","8":"first","9":"instock","10":"taxable","11":"shipping-taxable","12":"purchasable","13":"product-type-simple"},"composite_virtual":false,"composite_layout":"","composite_add_to_cart_form_location":"","composite_editable_in_cart":false,"composite_sold_individually_context":"","composite_shop_price_calc":"","composite_components":[],"composite_scenarios":[],"exclude_global_add_ons":[],"addons":[],"acf":[],"_links":{"self":[{"href":"https:\/\/cantine-gamelle.fr\/cite-espace\/wp-json\/wp\/v2\/product\/1663","targetHints":{"allow":["GET"]}}],"collection":[{"href":"https:\/\/cantine-gamelle.fr\/cite-espace\/wp-json\/wp\/v2\/product"}],"about":[{"href":"https:\/\/cantine-gamelle.fr\/cite-espace\/wp-json\/wp\/v2\/types\/product"}],"wp:featuredmedia":[{"embeddable":true,"href":"https:\/\/cantine-gamelle.fr\/cite-espace\/wp-json\/wp\/v2\/media\/613"}],"wp:attachment":[{"href":"https:\/\/cantine-gamelle.fr\/cite-espace\/wp-json\/wp\/v2\/media?parent=1663"}],"wp:term":[{"taxonomy":"product_brand","embeddable":true,"href":"https:\/\/cantine-gamelle.fr\/cite-espace\/wp-json\/wp\/v2\/product_brand?post=1663"},{"taxonomy":"product_cat","embeddable":true,"href":"https:\/\/cantine-gamelle.fr\/cite-espace\/wp-json\/wp\/v2\/product_cat?post=1663"},{"taxonomy":"product_tag","embeddable":true,"href":"https:\/\/cantine-gamelle.fr\/cite-espace\/wp-json\/wp\/v2\/product_tag?post=1663"}],"curies":[{"name":"wp","href":"https:\/\/api.w.org\/{rel}","templated":true}]}}