{"id":253,"date":"2025-03-31T20:30:22","date_gmt":"2025-03-31T18:30:22","guid":{"rendered":"https:\/\/cantine-gamelle.fr\/cite-espace\/?post_type=product&#038;p=253"},"modified":"2025-04-07T14:55:41","modified_gmt":"2025-04-07T12:55:41","slug":"assiette-francky","status":"publish","type":"product","link":"https:\/\/cantine-gamelle.fr\/cite-espace\/boutique\/plats\/assiette-francky\/","title":{"rendered":"Assiette \u00ab\u00a0Francky\u00a0\u00bb"},"content":{"rendered":"<div id=\"short_description_block\">\n<div id=\"short_description_content\" class=\"rte align_justify\">\n<div id=\"short_description_block\">\n<div id=\"short_description_content\" class=\"rte align_justify\">\n<p>Un steak \u00e0 cheval (steak hach\u00e9 de b\u0153uf frais, \u0153uf au plat), poitrine grill\u00e9e, frites et salade.<\/p>\n<\/div>\n<\/div>\n<\/div>\n<\/div>\n","protected":false},"excerpt":{"rendered":"<p>Un steak \u00e0 cheval (steak hach\u00e9 de b\u0153uf frais, \u0153uf au plat), poitrine grill\u00e9e, frites et salade.<\/p>\n","protected":false},"featured_media":439,"template":"","meta":{"_acf_changed":false},"product_brand":[],"product_cat":[19],"product_tag":[],"class_list":{"0":"post-253","1":"product","2":"type-product","3":"status-publish","4":"has-post-thumbnail","6":"product_cat-plats","8":"first","9":"instock","10":"taxable","11":"shipping-taxable","12":"purchasable","13":"product-type-simple"},"composite_virtual":false,"composite_layout":"","composite_add_to_cart_form_location":"","composite_editable_in_cart":false,"composite_sold_individually_context":"","composite_shop_price_calc":"","composite_components":[],"composite_scenarios":[],"exclude_global_add_ons":[],"addons":[],"acf":[],"_links":{"self":[{"href":"https:\/\/cantine-gamelle.fr\/cite-espace\/wp-json\/wp\/v2\/product\/253","targetHints":{"allow":["GET"]}}],"collection":[{"href":"https:\/\/cantine-gamelle.fr\/cite-espace\/wp-json\/wp\/v2\/product"}],"about":[{"href":"https:\/\/cantine-gamelle.fr\/cite-espace\/wp-json\/wp\/v2\/types\/product"}],"wp:featuredmedia":[{"embeddable":true,"href":"https:\/\/cantine-gamelle.fr\/cite-espace\/wp-json\/wp\/v2\/media\/439"}],"wp:attachment":[{"href":"https:\/\/cantine-gamelle.fr\/cite-espace\/wp-json\/wp\/v2\/media?parent=253"}],"wp:term":[{"taxonomy":"product_brand","embeddable":true,"href":"https:\/\/cantine-gamelle.fr\/cite-espace\/wp-json\/wp\/v2\/product_brand?post=253"},{"taxonomy":"product_cat","embeddable":true,"href":"https:\/\/cantine-gamelle.fr\/cite-espace\/wp-json\/wp\/v2\/product_cat?post=253"},{"taxonomy":"product_tag","embeddable":true,"href":"https:\/\/cantine-gamelle.fr\/cite-espace\/wp-json\/wp\/v2\/product_tag?post=253"}],"curies":[{"name":"wp","href":"https:\/\/api.w.org\/{rel}","templated":true}]}}