{"id":2571,"date":"2025-04-07T14:30:17","date_gmt":"2025-04-07T12:30:17","guid":{"rendered":"https:\/\/cantine-gamelle.fr\/cite-espace\/boutique\/non%20class\u00e9\/panna-cotta-vanille-maison-coulis-fraise-2\/"},"modified":"2025-11-04T17:32:02","modified_gmt":"2025-11-04T16:32:02","slug":"panna-cotta-vanille-maison-coulis-fraise-2","status":"publish","type":"product","link":"https:\/\/cantine-gamelle.fr\/cite-espace\/boutique\/desserts\/panna-cotta-vanille-maison-coulis-fraise-2\/","title":{"rendered":"Panna cotta vanille maison, coulis fraise"},"content":{"rendered":"<p class=\"product-desc\">Une d\u00e9licieuse panna cotta pr\u00e9par\u00e9 par nos cuisiniers dans notre laboratoire, agr\u00e9ment\u00e9 d&rsquo;un coulis fraise.<\/p>\n","protected":false},"excerpt":{"rendered":"<p>Une d\u00e9licieuse panna cotta pr\u00e9par\u00e9 par nos cuisiniers dans notre laboratoire, agr\u00e9ment\u00e9 d&rsquo;un coulis fraise.<\/p>\n","protected":false},"featured_media":2572,"template":"","meta":{"_acf_changed":false},"product_brand":[],"product_cat":[24],"product_tag":[],"class_list":{"0":"post-2571","1":"product","2":"type-product","3":"status-publish","4":"has-post-thumbnail","6":"product_cat-desserts","8":"first","9":"outofstock","10":"taxable","11":"shipping-taxable","12":"purchasable","13":"product-type-simple"},"composite_virtual":false,"composite_layout":"","composite_add_to_cart_form_location":"","composite_editable_in_cart":false,"composite_sold_individually_context":"","composite_shop_price_calc":"","composite_components":[],"composite_scenarios":[],"exclude_global_add_ons":false,"addons":[{"name":"-","type":"multiple_choice","position":0,"required":false,"title_format":"label","default":"","description_enable":false,"description":"","placeholder_enable":false,"placeholder":"","display":"select","restrictions_type":"","adjust_price":false,"price":"","price_type":"","restrictions":false,"min":"0","max":"0","options":[],"id":1762277523}],"acf":[],"_links":{"self":[{"href":"https:\/\/cantine-gamelle.fr\/cite-espace\/wp-json\/wp\/v2\/product\/2571","targetHints":{"allow":["GET"]}}],"collection":[{"href":"https:\/\/cantine-gamelle.fr\/cite-espace\/wp-json\/wp\/v2\/product"}],"about":[{"href":"https:\/\/cantine-gamelle.fr\/cite-espace\/wp-json\/wp\/v2\/types\/product"}],"wp:featuredmedia":[{"embeddable":true,"href":"https:\/\/cantine-gamelle.fr\/cite-espace\/wp-json\/wp\/v2\/media\/2572"}],"wp:attachment":[{"href":"https:\/\/cantine-gamelle.fr\/cite-espace\/wp-json\/wp\/v2\/media?parent=2571"}],"wp:term":[{"taxonomy":"product_brand","embeddable":true,"href":"https:\/\/cantine-gamelle.fr\/cite-espace\/wp-json\/wp\/v2\/product_brand?post=2571"},{"taxonomy":"product_cat","embeddable":true,"href":"https:\/\/cantine-gamelle.fr\/cite-espace\/wp-json\/wp\/v2\/product_cat?post=2571"},{"taxonomy":"product_tag","embeddable":true,"href":"https:\/\/cantine-gamelle.fr\/cite-espace\/wp-json\/wp\/v2\/product_tag?post=2571"}],"curies":[{"name":"wp","href":"https:\/\/api.w.org\/{rel}","templated":true}]}}