{"id":172,"date":"2025-03-18T20:54:07","date_gmt":"2025-03-18T19:54:07","guid":{"rendered":"https:\/\/cantine-gamelle.fr\/route-espagne\/?post_type=product&#038;p=172"},"modified":"2025-04-10T12:10:12","modified_gmt":"2025-04-10T10:10:12","slug":"salade-cesar","status":"publish","type":"product","link":"https:\/\/cantine-gamelle.fr\/route-espagne\/boutique\/salades\/salade-cesar\/","title":{"rendered":"Salade C\u00e9sar"},"content":{"rendered":"<p>La salade C\u00e9sar est compos\u00e9e de mesclun, tomates olives, filets de poulet pan\u00e9s, parmesan, lardons, \u0153uf poch\u00e9, sauce C\u00e9sar.<\/p>\n","protected":false},"excerpt":{"rendered":"<p>La salade C\u00e9sar est compos\u00e9e de mesclun, tomates olives, filets de poulet pan\u00e9s, parmesan, lardons, \u0153uf poch\u00e9, sauce C\u00e9sar.<\/p>\n","protected":false},"featured_media":448,"template":"","meta":{"_acf_changed":false},"product_brand":[],"product_cat":[23],"product_tag":[],"class_list":{"0":"post-172","1":"product","2":"type-product","3":"status-publish","4":"has-post-thumbnail","6":"product_cat-salades","8":"first","9":"instock","10":"taxable","11":"shipping-taxable","12":"purchasable","13":"product-type-simple"},"composite_virtual":false,"composite_layout":"","composite_add_to_cart_form_location":"","composite_editable_in_cart":false,"composite_sold_individually_context":"","composite_shop_price_calc":"","composite_components":[],"composite_scenarios":[],"exclude_global_add_ons":false,"addons":[{"name":"Extra poulet","type":"checkbox","position":0,"required":false,"title_format":"label","default":"","description_enable":false,"description":"","placeholder_enable":false,"placeholder":"","display":"select","restrictions_type":"any_text","adjust_price":false,"price":"","price_type":"flat_fee","restrictions":false,"min":"0","max":"0","options":[{"label":"Poulet pan\u00e9","price":"2","price_type":"quantity_based","image":0,"visibility":true}],"id":1744460147}],"acf":[],"_links":{"self":[{"href":"https:\/\/cantine-gamelle.fr\/route-espagne\/wp-json\/wp\/v2\/product\/172","targetHints":{"allow":["GET"]}}],"collection":[{"href":"https:\/\/cantine-gamelle.fr\/route-espagne\/wp-json\/wp\/v2\/product"}],"about":[{"href":"https:\/\/cantine-gamelle.fr\/route-espagne\/wp-json\/wp\/v2\/types\/product"}],"wp:featuredmedia":[{"embeddable":true,"href":"https:\/\/cantine-gamelle.fr\/route-espagne\/wp-json\/wp\/v2\/media\/448"}],"wp:attachment":[{"href":"https:\/\/cantine-gamelle.fr\/route-espagne\/wp-json\/wp\/v2\/media?parent=172"}],"wp:term":[{"taxonomy":"product_brand","embeddable":true,"href":"https:\/\/cantine-gamelle.fr\/route-espagne\/wp-json\/wp\/v2\/product_brand?post=172"},{"taxonomy":"product_cat","embeddable":true,"href":"https:\/\/cantine-gamelle.fr\/route-espagne\/wp-json\/wp\/v2\/product_cat?post=172"},{"taxonomy":"product_tag","embeddable":true,"href":"https:\/\/cantine-gamelle.fr\/route-espagne\/wp-json\/wp\/v2\/product_tag?post=172"}],"curies":[{"name":"wp","href":"https:\/\/api.w.org\/{rel}","templated":true}]}}