{"id":269,"date":"2025-03-31T21:26:22","date_gmt":"2025-03-31T19:26:22","guid":{"rendered":"https:\/\/cantine-gamelle.fr\/route-espagne\/?post_type=product&#038;p=269"},"modified":"2026-03-20T14:06:40","modified_gmt":"2026-03-20T13:06:40","slug":"bol-du-moment-3","status":"publish","type":"product","link":"https:\/\/cantine-gamelle.fr\/route-espagne\/boutique\/bols\/bol-du-moment-3\/","title":{"rendered":"Bol Monopoli \ud83c\udf31"},"content":{"rendered":"<p>Petit \u00e9peautre, burratina, bouton artichaut frit, l\u00e9gumes antipasti, focaccia snack\u00e9e \u00e0 l\u2019huile d\u2019olive, tomates d\u2019Antan, pousses d\u2019\u00e9pinards, oignon rouge, sauce pesto basilic, pignons de pin.<\/p>\n","protected":false},"excerpt":{"rendered":"<p>Petit \u00e9peautre, burratina, bouton artichaut frit, l\u00e9gumes antipasti, focaccia snack\u00e9e \u00e0 l\u2019huile d\u2019olive, tomates d\u2019Antan, pousses d\u2019\u00e9pinards, oignon rouge, sauce pesto basilic, pignons de pin.<\/p>\n","protected":false},"featured_media":6029,"template":"","meta":{"_acf_changed":false},"product_brand":[],"product_cat":[22],"product_tag":[],"class_list":{"0":"post-269","1":"product","2":"type-product","3":"status-publish","4":"has-post-thumbnail","6":"product_cat-bols","8":"first","9":"instock","10":"taxable","11":"shipping-taxable","12":"purchasable","13":"product-type-simple"},"composite_virtual":false,"composite_layout":"","composite_add_to_cart_form_location":"","composite_editable_in_cart":false,"composite_sold_individually_context":"","composite_shop_price_calc":"","composite_components":[],"composite_scenarios":[],"exclude_global_add_ons":[],"addons":[],"acf":[],"_links":{"self":[{"href":"https:\/\/cantine-gamelle.fr\/route-espagne\/wp-json\/wp\/v2\/product\/269","targetHints":{"allow":["GET"]}}],"collection":[{"href":"https:\/\/cantine-gamelle.fr\/route-espagne\/wp-json\/wp\/v2\/product"}],"about":[{"href":"https:\/\/cantine-gamelle.fr\/route-espagne\/wp-json\/wp\/v2\/types\/product"}],"wp:featuredmedia":[{"embeddable":true,"href":"https:\/\/cantine-gamelle.fr\/route-espagne\/wp-json\/wp\/v2\/media\/6029"}],"wp:attachment":[{"href":"https:\/\/cantine-gamelle.fr\/route-espagne\/wp-json\/wp\/v2\/media?parent=269"}],"wp:term":[{"taxonomy":"product_brand","embeddable":true,"href":"https:\/\/cantine-gamelle.fr\/route-espagne\/wp-json\/wp\/v2\/product_brand?post=269"},{"taxonomy":"product_cat","embeddable":true,"href":"https:\/\/cantine-gamelle.fr\/route-espagne\/wp-json\/wp\/v2\/product_cat?post=269"},{"taxonomy":"product_tag","embeddable":true,"href":"https:\/\/cantine-gamelle.fr\/route-espagne\/wp-json\/wp\/v2\/product_tag?post=269"}],"curies":[{"name":"wp","href":"https:\/\/api.w.org\/{rel}","templated":true}]}}