{"id":32,"date":"2025-02-27T14:34:54","date_gmt":"2025-02-27T13:34:54","guid":{"rendered":"https:\/\/cantine-gamelle.fr\/route-espagne\/?post_type=product&#038;p=32"},"modified":"2025-11-12T12:24:02","modified_gmt":"2025-11-12T11:24:02","slug":"cantine","status":"publish","type":"product","link":"https:\/\/cantine-gamelle.fr\/route-espagne\/boutique\/burgers\/cantine\/","title":{"rendered":"Cantine"},"content":{"rendered":"<p>Compos\u00e9 d&rsquo;un pain frais brioch\u00e9, d&rsquo;un steak frais de b\u0153uf, de cheddar, tomate, salade, compot\u00e9e d&rsquo;oignons, et sauce burger, notre burger Cantine ravira les amoureux du simple et de l&rsquo;authentique.<\/p>\n","protected":false},"excerpt":{"rendered":"<p>Compos\u00e9 d&rsquo;un pain frais brioch\u00e9, d&rsquo;un steak frais de b\u0153uf, de cheddar, tomate, salade, compot\u00e9e d&rsquo;oignons, et sauce burger, notre burger Cantine ravira les amoureux du simple et de l&rsquo;authentique.<\/p>\n","protected":false},"featured_media":393,"template":"","meta":{"_acf_changed":false},"product_brand":[],"product_cat":[21],"product_tag":[],"class_list":{"0":"post-32","1":"product","2":"type-product","3":"status-publish","4":"has-post-thumbnail","6":"product_cat-burgers","8":"first","9":"instock","10":"taxable","11":"shipping-taxable","12":"purchasable","13":"product-type-simple"},"composite_virtual":false,"composite_layout":"","composite_add_to_cart_form_location":"","composite_editable_in_cart":false,"composite_sold_individually_context":"","composite_shop_price_calc":"","composite_components":[],"composite_scenarios":[],"exclude_global_add_ons":false,"addons":[{"name":"Type de steak","type":"multiple_choice","position":0,"required":true,"title_format":"label","default":"0","description_enable":false,"description":"","placeholder_enable":false,"placeholder":"","display":"select","restrictions_type":"any_text","adjust_price":false,"price":"","price_type":"flat_fee","restrictions":false,"min":"0","max":"0","options":[{"label":"Recette classique","price":"","price_type":"flat_fee","image":0,"visibility":true},{"label":"V\u00e9g\u00e9tal","price":"","price_type":"flat_fee","image":0,"visibility":true}],"id":1743448451},{"name":"J'ajoute","type":"checkbox","position":0,"required":false,"title_format":"label","default":"","description_enable":false,"description":"","placeholder_enable":false,"placeholder":"","display":"select","restrictions_type":"any_text","adjust_price":false,"price":"","price_type":"flat_fee","restrictions":false,"min":"0","max":"0","options":[{"label":"Steak de boeuf","price":"2.50","price_type":"quantity_based","image":0,"visibility":true},{"label":"Galette vege","price":"2.50","price_type":"quantity_based","image":0,"visibility":true},{"label":"Poulet pan\u00e9","price":"2","price_type":"quantity_based","image":0,"visibility":true},{"label":"Bacon","price":"1","price_type":"quantity_based","image":0,"visibility":true},{"label":"Cheddar","price":"1","price_type":"quantity_based","image":0,"visibility":true},{"label":"\u0152uf","price":"1","price_type":"quantity_based","image":0,"visibility":true}],"id":1744305371},{"name":"J'enl\u00e8ve","type":"custom_text","position":1,"required":false,"title_format":"label","default":"","description_enable":false,"description":"","placeholder_enable":true,"placeholder":"Des pr\u00e9cisions \u00e0 envoyer au chef ?","display":"select","restrictions_type":"any_text","adjust_price":false,"price":"","price_type":"flat_fee","restrictions":false,"min":"0","max":"0","options":[],"id":1744284581}],"acf":[],"_links":{"self":[{"href":"https:\/\/cantine-gamelle.fr\/route-espagne\/wp-json\/wp\/v2\/product\/32","targetHints":{"allow":["GET"]}}],"collection":[{"href":"https:\/\/cantine-gamelle.fr\/route-espagne\/wp-json\/wp\/v2\/product"}],"about":[{"href":"https:\/\/cantine-gamelle.fr\/route-espagne\/wp-json\/wp\/v2\/types\/product"}],"wp:featuredmedia":[{"embeddable":true,"href":"https:\/\/cantine-gamelle.fr\/route-espagne\/wp-json\/wp\/v2\/media\/393"}],"wp:attachment":[{"href":"https:\/\/cantine-gamelle.fr\/route-espagne\/wp-json\/wp\/v2\/media?parent=32"}],"wp:term":[{"taxonomy":"product_brand","embeddable":true,"href":"https:\/\/cantine-gamelle.fr\/route-espagne\/wp-json\/wp\/v2\/product_brand?post=32"},{"taxonomy":"product_cat","embeddable":true,"href":"https:\/\/cantine-gamelle.fr\/route-espagne\/wp-json\/wp\/v2\/product_cat?post=32"},{"taxonomy":"product_tag","embeddable":true,"href":"https:\/\/cantine-gamelle.fr\/route-espagne\/wp-json\/wp\/v2\/product_tag?post=32"}],"curies":[{"name":"wp","href":"https:\/\/api.w.org\/{rel}","templated":true}]}}